{"id":342,"date":"2024-11-26T11:22:29","date_gmt":"2024-11-26T10:22:29","guid":{"rendered":"https:\/\/interbiz-ltd.com\/?page_id=342"},"modified":"2025-01-30T13:41:08","modified_gmt":"2025-01-30T12:41:08","slug":"trading-partner","status":"publish","type":"page","link":"https:\/\/interbiz-ltd.com\/en\/trading-partner\/","title":{"rendered":"Trading partner"},"content":{"rendered":"<h3 class=\"wp-block-heading has-text-align-left is-style-default\"><em>Your Trusted Partner for Seamless Trade and Business Collaboration.<\/em><\/h3>\n\n\n\n<p class=\"has-text-align-left wp-block-paragraph\">With our Trading Partner service, we assist businesses in managing complex trade flows, establishing strong business relationships, and optimizing their supply chains. We act as your partner throughout the entire process, from strategy to execution.<\/p>\n\n\n\n<div style=\"height:64px\" aria-hidden=\"true\" class=\"wp-block-spacer\"><\/div>\n\n\n<div class=\"kb-row-layout-wrap kb-row-layout-id342_c2aaf9-83 alignwide wp-block-kadence-rowlayout\"><div class=\"kt-row-column-wrap kt-has-2-columns kt-row-layout-equal kt-tab-layout-inherit kt-mobile-layout-row kt-row-valign-top\">\n\n<div class=\"wp-block-kadence-column kadence-column342_463579-1c\"><div class=\"kt-inside-inner-col\">\n<h3 class=\"wp-block-heading has-text-align-left\">Service Benefits<\/h3>\n\n\n\n<div class=\"wp-block-kadence-iconlist kt-svg-icon-list-items kt-svg-icon-list-items342_086b84-f4 kt-svg-icon-list-columns-1 alignnone\"><ul class=\"kt-svg-icon-list\">\n<li class=\"wp-block-kadence-listitem kt-svg-icon-list-item-wrap kt-svg-icon-list-item-342_953bb6-af\"><span class=\"kb-svg-icon-wrap kb-svg-icon-fe_checkCircle kt-svg-icon-list-single\"><svg viewbox=\"0 0 24 24\"  fill=\"none\" stroke=\"currentColor\" stroke-width=\"2\" stroke-linecap=\"round\" stroke-linejoin=\"round\" xmlns=\"http:\/\/www.w3.org\/2000\/svg\"  aria-hidden=\"true\"><path d=\"M22 11.08V12a10 10 0 1 1-5.93-9.14\"\/><polyline points=\"22 4 12 14.01 9 11.01\"\/><\/svg><\/span><span class=\"kt-svg-icon-list-text\"><strong>International Expertise:<\/strong> Easily navigate global markets.<\/span><\/li>\n\n\n\n<li class=\"wp-block-kadence-listitem kt-svg-icon-list-item-wrap kt-svg-icon-list-item-342_c81b5d-14\"><span class=\"kb-svg-icon-wrap kb-svg-icon-fe_checkCircle kt-svg-icon-list-single\"><svg viewbox=\"0 0 24 24\"  fill=\"none\" stroke=\"currentColor\" stroke-width=\"2\" stroke-linecap=\"round\" stroke-linejoin=\"round\" xmlns=\"http:\/\/www.w3.org\/2000\/svg\"  aria-hidden=\"true\"><path d=\"M22 11.08V12a10 10 0 1 1-5.93-9.14\"\/><polyline points=\"22 4 12 14.01 9 11.01\"\/><\/svg><\/span><span class=\"kt-svg-icon-list-text\"><strong>Efficient Logistics:<\/strong> Simplify trade flows and reduce lead times.<\/span><\/li>\n\n\n\n<li class=\"wp-block-kadence-listitem kt-svg-icon-list-item-wrap kt-svg-icon-list-item-342_060015-b8\"><span class=\"kb-svg-icon-wrap kb-svg-icon-fe_checkCircle kt-svg-icon-list-single\"><svg viewbox=\"0 0 24 24\"  fill=\"none\" stroke=\"currentColor\" stroke-width=\"2\" stroke-linecap=\"round\" stroke-linejoin=\"round\" xmlns=\"http:\/\/www.w3.org\/2000\/svg\"  aria-hidden=\"true\"><path d=\"M22 11.08V12a10 10 0 1 1-5.93-9.14\"\/><polyline points=\"22 4 12 14.01 9 11.01\"\/><\/svg><\/span><span class=\"kt-svg-icon-list-text\"><strong>Tailored Solutions:<\/strong> The service is customized to your needs and goals.<\/span><\/li>\n\n\n\n<li class=\"wp-block-kadence-listitem kt-svg-icon-list-item-wrap kt-svg-icon-list-item-342_aaaa28-05\"><span class=\"kb-svg-icon-wrap kb-svg-icon-fe_checkCircle kt-svg-icon-list-single\"><svg viewbox=\"0 0 24 24\"  fill=\"none\" stroke=\"currentColor\" stroke-width=\"2\" stroke-linecap=\"round\" stroke-linejoin=\"round\" xmlns=\"http:\/\/www.w3.org\/2000\/svg\"  aria-hidden=\"true\"><path d=\"M22 11.08V12a10 10 0 1 1-5.93-9.14\"\/><polyline points=\"22 4 12 14.01 9 11.01\"\/><\/svg><\/span><span class=\"kt-svg-icon-list-text\"><strong>Risk Management:<\/strong> Identify and minimize business risks.<\/span><\/li>\n<\/ul><\/div>\n<\/div><\/div>\n\n\n\n<div class=\"wp-block-kadence-column kadence-column342_586456-bd\"><div class=\"kt-inside-inner-col\">\n<figure class=\"wp-block-image size-full is-style-rounded is-style-rounded--1\"><img data-recalc-dims=\"1\" loading=\"lazy\" decoding=\"async\" width=\"1280\" height=\"853\" data-attachment-id=\"1366\" data-permalink=\"https:\/\/interbiz-ltd.com\/en\/trading-partner\/business-925900_1280\/\" data-orig-file=\"https:\/\/i0.wp.com\/interbiz-ltd.com\/wp-content\/uploads\/2025\/01\/business-925900_1280.jpg?fit=1280%2C853&amp;ssl=1\" data-orig-size=\"1280,853\" data-comments-opened=\"1\" data-image-meta=\"{&quot;aperture&quot;:&quot;0&quot;,&quot;credit&quot;:&quot;&quot;,&quot;camera&quot;:&quot;&quot;,&quot;caption&quot;:&quot;&quot;,&quot;created_timestamp&quot;:&quot;0&quot;,&quot;copyright&quot;:&quot;&quot;,&quot;focal_length&quot;:&quot;0&quot;,&quot;iso&quot;:&quot;0&quot;,&quot;shutter_speed&quot;:&quot;0&quot;,&quot;title&quot;:&quot;&quot;,&quot;orientation&quot;:&quot;0&quot;}\" data-image-title=\"business-925900_1280\" data-image-description=\"\" data-image-caption=\"\" data-medium-file=\"https:\/\/i0.wp.com\/interbiz-ltd.com\/wp-content\/uploads\/2025\/01\/business-925900_1280.jpg?fit=300%2C200&amp;ssl=1\" data-large-file=\"https:\/\/i0.wp.com\/interbiz-ltd.com\/wp-content\/uploads\/2025\/01\/business-925900_1280.jpg?fit=1024%2C682&amp;ssl=1\" src=\"https:\/\/i0.wp.com\/interbiz-ltd.com\/wp-content\/uploads\/2025\/01\/business-925900_1280.jpg?resize=1280%2C853&#038;ssl=1\" alt=\"\" class=\"wp-image-1366\" srcset=\"https:\/\/i0.wp.com\/interbiz-ltd.com\/wp-content\/uploads\/2025\/01\/business-925900_1280.jpg?w=1280&amp;ssl=1 1280w, https:\/\/i0.wp.com\/interbiz-ltd.com\/wp-content\/uploads\/2025\/01\/business-925900_1280.jpg?resize=300%2C200&amp;ssl=1 300w, https:\/\/i0.wp.com\/interbiz-ltd.com\/wp-content\/uploads\/2025\/01\/business-925900_1280.jpg?resize=1024%2C682&amp;ssl=1 1024w, https:\/\/i0.wp.com\/interbiz-ltd.com\/wp-content\/uploads\/2025\/01\/business-925900_1280.jpg?resize=768%2C512&amp;ssl=1 768w, https:\/\/i0.wp.com\/interbiz-ltd.com\/wp-content\/uploads\/2025\/01\/business-925900_1280.jpg?resize=18%2C12&amp;ssl=1 18w, https:\/\/i0.wp.com\/interbiz-ltd.com\/wp-content\/uploads\/2025\/01\/business-925900_1280.jpg?resize=1200%2C800&amp;ssl=1 1200w\" sizes=\"auto, (max-width: 1000px) 100vw, 1000px\" \/><\/figure>\n<\/div><\/div>\n\n<\/div><\/div>\n\n<div class=\"kb-row-layout-wrap kb-row-layout-id342_6c679d-5c alignwide wp-block-kadence-rowlayout\"><div class=\"kt-row-column-wrap kt-has-2-columns kt-row-layout-equal kt-tab-layout-inherit kt-mobile-layout-row kt-row-valign-top\">\n\n<div class=\"wp-block-kadence-column kadence-column342_045fc7-30\"><div class=\"kt-inside-inner-col\">\n<figure class=\"wp-block-image size-full is-style-rounded is-style-rounded--2\"><img data-recalc-dims=\"1\" loading=\"lazy\" decoding=\"async\" width=\"1280\" height=\"853\" data-attachment-id=\"1361\" data-permalink=\"https:\/\/interbiz-ltd.com\/en\/trading-partner\/pen-4337524_1280\/\" data-orig-file=\"https:\/\/i0.wp.com\/interbiz-ltd.com\/wp-content\/uploads\/2025\/01\/pen-4337524_1280.jpg?fit=1280%2C853&amp;ssl=1\" data-orig-size=\"1280,853\" data-comments-opened=\"1\" data-image-meta=\"{&quot;aperture&quot;:&quot;0&quot;,&quot;credit&quot;:&quot;&quot;,&quot;camera&quot;:&quot;&quot;,&quot;caption&quot;:&quot;&quot;,&quot;created_timestamp&quot;:&quot;0&quot;,&quot;copyright&quot;:&quot;&quot;,&quot;focal_length&quot;:&quot;0&quot;,&quot;iso&quot;:&quot;0&quot;,&quot;shutter_speed&quot;:&quot;0&quot;,&quot;title&quot;:&quot;&quot;,&quot;orientation&quot;:&quot;0&quot;}\" data-image-title=\"pen-4337524_1280\" data-image-description=\"\" data-image-caption=\"\" data-medium-file=\"https:\/\/i0.wp.com\/interbiz-ltd.com\/wp-content\/uploads\/2025\/01\/pen-4337524_1280.jpg?fit=300%2C200&amp;ssl=1\" data-large-file=\"https:\/\/i0.wp.com\/interbiz-ltd.com\/wp-content\/uploads\/2025\/01\/pen-4337524_1280.jpg?fit=1024%2C682&amp;ssl=1\" src=\"https:\/\/i0.wp.com\/interbiz-ltd.com\/wp-content\/uploads\/2025\/01\/pen-4337524_1280.jpg?resize=1280%2C853&#038;ssl=1\" alt=\"\" class=\"wp-image-1361\" srcset=\"https:\/\/i0.wp.com\/interbiz-ltd.com\/wp-content\/uploads\/2025\/01\/pen-4337524_1280.jpg?w=1280&amp;ssl=1 1280w, https:\/\/i0.wp.com\/interbiz-ltd.com\/wp-content\/uploads\/2025\/01\/pen-4337524_1280.jpg?resize=300%2C200&amp;ssl=1 300w, https:\/\/i0.wp.com\/interbiz-ltd.com\/wp-content\/uploads\/2025\/01\/pen-4337524_1280.jpg?resize=1024%2C682&amp;ssl=1 1024w, https:\/\/i0.wp.com\/interbiz-ltd.com\/wp-content\/uploads\/2025\/01\/pen-4337524_1280.jpg?resize=768%2C512&amp;ssl=1 768w, https:\/\/i0.wp.com\/interbiz-ltd.com\/wp-content\/uploads\/2025\/01\/pen-4337524_1280.jpg?resize=18%2C12&amp;ssl=1 18w, https:\/\/i0.wp.com\/interbiz-ltd.com\/wp-content\/uploads\/2025\/01\/pen-4337524_1280.jpg?resize=1200%2C800&amp;ssl=1 1200w\" sizes=\"auto, (max-width: 1000px) 100vw, 1000px\" \/><\/figure>\n<\/div><\/div>\n\n\n\n<div class=\"wp-block-kadence-column kadence-column342_47b095-03\"><div class=\"kt-inside-inner-col\">\n<h3 class=\"wp-block-heading has-text-align-left\">How it Works<\/h3>\n\n\n\n<div class=\"wp-block-kadence-iconlist kt-svg-icon-list-items kt-svg-icon-list-items342_e2643b-a7 kt-svg-icon-list-columns-1 alignnone\"><ul class=\"kt-svg-icon-list\">\n<li class=\"wp-block-kadence-listitem kt-svg-icon-list-item-wrap kt-svg-icon-list-item-342_8fc1e8-91\"><span class=\"kb-svg-icon-wrap kb-svg-icon-fe_checkCircle kt-svg-icon-list-single\"><svg viewbox=\"0 0 24 24\"  fill=\"none\" stroke=\"currentColor\" stroke-width=\"2\" stroke-linecap=\"round\" stroke-linejoin=\"round\" xmlns=\"http:\/\/www.w3.org\/2000\/svg\"  aria-hidden=\"true\"><path d=\"M22 11.08V12a10 10 0 1 1-5.93-9.14\"\/><polyline points=\"22 4 12 14.01 9 11.01\"\/><\/svg><\/span><span class=\"kt-svg-icon-list-text\"><strong>Analysis and Needs Assessment:<\/strong> We start by reviewing, analyzing, and understanding your business needs.<\/span><\/li>\n\n\n\n<li class=\"wp-block-kadence-listitem kt-svg-icon-list-item-wrap kt-svg-icon-list-item-342_17bc8e-db\"><span class=\"kb-svg-icon-wrap kb-svg-icon-fe_checkCircle kt-svg-icon-list-single\"><svg viewbox=\"0 0 24 24\"  fill=\"none\" stroke=\"currentColor\" stroke-width=\"2\" stroke-linecap=\"round\" stroke-linejoin=\"round\" xmlns=\"http:\/\/www.w3.org\/2000\/svg\"  aria-hidden=\"true\"><path d=\"M22 11.08V12a10 10 0 1 1-5.93-9.14\"\/><polyline points=\"22 4 12 14.01 9 11.01\"\/><\/svg><\/span><span class=\"kt-svg-icon-list-text\"><strong>Strategic Planning:<\/strong> Together, we create a plan to achieve your goals.<\/span><\/li>\n\n\n\n<li class=\"wp-block-kadence-listitem kt-svg-icon-list-item-wrap kt-svg-icon-list-item-342_3ebfba-a3\"><span class=\"kb-svg-icon-wrap kb-svg-icon-fe_checkCircle kt-svg-icon-list-single\"><svg viewbox=\"0 0 24 24\"  fill=\"none\" stroke=\"currentColor\" stroke-width=\"2\" stroke-linecap=\"round\" stroke-linejoin=\"round\" xmlns=\"http:\/\/www.w3.org\/2000\/svg\"  aria-hidden=\"true\"><path d=\"M22 11.08V12a10 10 0 1 1-5.93-9.14\"\/><polyline points=\"22 4 12 14.01 9 11.01\"\/><\/svg><\/span><span class=\"kt-svg-icon-list-text\"><strong>Execution:<\/strong> We manage your processes, such as procurement, negotiations, order administration, and logistics.<\/span><\/li>\n\n\n\n<li class=\"wp-block-kadence-listitem kt-svg-icon-list-item-wrap kt-svg-icon-list-item-342_f83929-f4\"><span class=\"kb-svg-icon-wrap kb-svg-icon-fe_checkCircle kt-svg-icon-list-single\"><svg viewbox=\"0 0 24 24\"  fill=\"none\" stroke=\"currentColor\" stroke-width=\"2\" stroke-linecap=\"round\" stroke-linejoin=\"round\" xmlns=\"http:\/\/www.w3.org\/2000\/svg\"  aria-hidden=\"true\"><path d=\"M22 11.08V12a10 10 0 1 1-5.93-9.14\"\/><polyline points=\"22 4 12 14.01 9 11.01\"\/><\/svg><\/span><span class=\"kt-svg-icon-list-text\"><strong>Follow-Up and Optimization:<\/strong> We have recurring check-ins, analyze the results, and continuously improve processes and workflows<\/span><\/li>\n<\/ul><\/div>\n<\/div><\/div>\n\n<\/div><\/div>\n\n<div class=\"kb-row-layout-wrap kb-row-layout-id342_512ea2-db alignwide wp-block-kadence-rowlayout\"><div class=\"kt-row-column-wrap kt-has-2-columns kt-row-layout-equal kt-tab-layout-inherit kt-mobile-layout-row kt-row-valign-top\">\n\n<div class=\"wp-block-kadence-column kadence-column342_e11dbf-7e\"><div class=\"kt-inside-inner-col\">\n<h3 class=\"wp-block-heading has-text-align-left\">Customer Example<\/h3>\n\n\n\n<p class=\"wp-block-paragraph\">A Swedish retail company improved their trade flows and reduced costs by 20% through our Trading Partner service. We helped them navigate new markets and streamline logistics.<\/p>\n\n\n\n<div class=\"wp-block-kadence-iconlist kt-svg-icon-list-items kt-svg-icon-list-items342_4f0ac3-c6 kt-svg-icon-list-columns-1 alignnone\"><ul class=\"kt-svg-icon-list\">\n<li class=\"wp-block-kadence-listitem kt-svg-icon-list-item-wrap kt-svg-icon-list-item-342_65d7fc-a9\"><span class=\"kb-svg-icon-wrap kb-svg-icon-fe_checkCircle kt-svg-icon-list-single\"><svg viewbox=\"0 0 24 24\"  fill=\"none\" stroke=\"currentColor\" stroke-width=\"2\" stroke-linecap=\"round\" stroke-linejoin=\"round\" xmlns=\"http:\/\/www.w3.org\/2000\/svg\"  aria-hidden=\"true\"><path d=\"M22 11.08V12a10 10 0 1 1-5.93-9.14\"\/><polyline points=\"22 4 12 14.01 9 11.01\"\/><\/svg><\/span><span class=\"kt-svg-icon-list-text\"><strong>Challenge:<\/strong> High procurement prices, logistics costs, and weak business relationships that were previously managed remotely without local presence in the procurement market.<\/span><\/li>\n\n\n\n<li class=\"wp-block-kadence-listitem kt-svg-icon-list-item-wrap kt-svg-icon-list-item-342_616dce-33\"><span class=\"kb-svg-icon-wrap kb-svg-icon-fe_checkCircle kt-svg-icon-list-single\"><svg viewbox=\"0 0 24 24\"  fill=\"none\" stroke=\"currentColor\" stroke-width=\"2\" stroke-linecap=\"round\" stroke-linejoin=\"round\" xmlns=\"http:\/\/www.w3.org\/2000\/svg\"  aria-hidden=\"true\"><path d=\"M22 11.08V12a10 10 0 1 1-5.93-9.14\"\/><polyline points=\"22 4 12 14.01 9 11.01\"\/><\/svg><\/span><span class=\"kt-svg-icon-list-text\"><strong>Solution:<\/strong> Implementation of our Trading Partner service, focusing on negotiations, supply chains, and strengthening supplier-customer relationships.<\/span><\/li>\n\n\n\n<li class=\"wp-block-kadence-listitem kt-svg-icon-list-item-wrap kt-svg-icon-list-item-342_f4f374-df\"><span class=\"kb-svg-icon-wrap kb-svg-icon-fe_checkCircle kt-svg-icon-list-single\"><svg viewbox=\"0 0 24 24\"  fill=\"none\" stroke=\"currentColor\" stroke-width=\"2\" stroke-linecap=\"round\" stroke-linejoin=\"round\" xmlns=\"http:\/\/www.w3.org\/2000\/svg\"  aria-hidden=\"true\"><path d=\"M22 11.08V12a10 10 0 1 1-5.93-9.14\"\/><polyline points=\"22 4 12 14.01 9 11.01\"\/><\/svg><\/span><span class=\"kt-svg-icon-list-text\"><strong>Result:<\/strong> 20% cost savings and faster lead times, with increased trust in suppliers and their processes.<\/span><\/li>\n<\/ul><\/div>\n\n\n\n<p class=\"wp-block-paragraph\"><em>\u201dTack vare Interbiz Tj\u00e4nster kunde vi expandera till nya ink\u00f6psmarknader med nya leverant\u00f6rer och d\u00e4rmed s\u00e4nka v\u00e5ra kostnader med 20 %. Deras professionalism och expertis gjorde det hela m\u00f6jligt och det \u00e4r skillnaden f\u00f6r oss j\u00e4mfort hur vi arbetade tidigare.\u201d<\/em><\/p>\n<\/div><\/div>\n\n\n\n<div class=\"wp-block-kadence-column kadence-column342_b21bd6-42\"><div class=\"kt-inside-inner-col\">\n<figure class=\"wp-block-image size-full is-style-rounded is-style-rounded--3\"><img data-recalc-dims=\"1\" loading=\"lazy\" decoding=\"async\" width=\"1024\" height=\"768\" data-attachment-id=\"292\" data-permalink=\"https:\/\/interbiz-ltd.com\/en\/?attachment_id=292\" data-orig-file=\"https:\/\/i0.wp.com\/interbiz-ltd.com\/wp-content\/uploads\/2024\/11\/company-logo-without-background-5.png?fit=1024%2C768&amp;ssl=1\" data-orig-size=\"1024,768\" data-comments-opened=\"1\" data-image-meta=\"{&quot;aperture&quot;:&quot;0&quot;,&quot;credit&quot;:&quot;&quot;,&quot;camera&quot;:&quot;&quot;,&quot;caption&quot;:&quot;&quot;,&quot;created_timestamp&quot;:&quot;0&quot;,&quot;copyright&quot;:&quot;&quot;,&quot;focal_length&quot;:&quot;0&quot;,&quot;iso&quot;:&quot;0&quot;,&quot;shutter_speed&quot;:&quot;0&quot;,&quot;title&quot;:&quot;&quot;,&quot;orientation&quot;:&quot;0&quot;}\" data-image-title=\"company-logo-without-background\" data-image-description=\"\" data-image-caption=\"\" data-medium-file=\"https:\/\/i0.wp.com\/interbiz-ltd.com\/wp-content\/uploads\/2024\/11\/company-logo-without-background-5.png?fit=300%2C225&amp;ssl=1\" data-large-file=\"https:\/\/i0.wp.com\/interbiz-ltd.com\/wp-content\/uploads\/2024\/11\/company-logo-without-background-5.png?fit=1024%2C768&amp;ssl=1\" src=\"https:\/\/i0.wp.com\/interbiz-ltd.com\/wp-content\/uploads\/2024\/11\/company-logo-without-background-5.png?resize=1024%2C768&#038;ssl=1\" alt=\"\" class=\"wp-image-292\" srcset=\"https:\/\/i0.wp.com\/interbiz-ltd.com\/wp-content\/uploads\/2024\/11\/company-logo-without-background-5.png?w=1024&amp;ssl=1 1024w, https:\/\/i0.wp.com\/interbiz-ltd.com\/wp-content\/uploads\/2024\/11\/company-logo-without-background-5.png?resize=300%2C225&amp;ssl=1 300w, https:\/\/i0.wp.com\/interbiz-ltd.com\/wp-content\/uploads\/2024\/11\/company-logo-without-background-5.png?resize=768%2C576&amp;ssl=1 768w, https:\/\/i0.wp.com\/interbiz-ltd.com\/wp-content\/uploads\/2024\/11\/company-logo-without-background-5.png?resize=800%2C600&amp;ssl=1 800w, https:\/\/i0.wp.com\/interbiz-ltd.com\/wp-content\/uploads\/2024\/11\/company-logo-without-background-5.png?resize=600%2C450&amp;ssl=1 600w, https:\/\/i0.wp.com\/interbiz-ltd.com\/wp-content\/uploads\/2024\/11\/company-logo-without-background-5.png?resize=400%2C300&amp;ssl=1 400w, https:\/\/i0.wp.com\/interbiz-ltd.com\/wp-content\/uploads\/2024\/11\/company-logo-without-background-5.png?resize=200%2C150&amp;ssl=1 200w\" sizes=\"auto, (max-width: 1000px) 100vw, 1000px\" \/><\/figure>\n<\/div><\/div>\n\n<\/div><\/div>\n\n\n<h3 class=\"wp-block-heading has-text-align-left is-style-default\">CONTACT US TODAY TO DISCUSS HOW WE CAN BECOME YOUR TRADING PARTNER!<\/h3>\n\n\n\n<div style=\"height:18px\" aria-hidden=\"true\" class=\"wp-block-spacer\"><\/div>\n\n\n\n<div class=\"wp-block-kadence-advancedbtn kb-buttons-wrap kb-btns342_5571be-55\"><a class=\"kb-button kt-button button kb-btn342_62fb17-2d kt-btn-size-standard kt-btn-width-type-auto kb-btn-global-outline  kt-btn-has-text-true kt-btn-has-svg-false  wp-block-kadence-singlebtn\" href=\"https:\/\/interbiz-ltd.com\/en\/kontakt\/\"><span class=\"kt-btn-inner-text\">Book a meeting<\/span><\/a><\/div>\n\n\n\n<div style=\"height:48px\" aria-hidden=\"true\" class=\"wp-block-spacer\"><\/div>","protected":false},"excerpt":{"rendered":"<p>Din p\u00e5litliga partner f\u00f6r smidig handel och aff\u00e4rssamarbete. Med v\u00e5r Trading Partner-tj\u00e4nst hj\u00e4lper vi f\u00f6retag att hantera komplexa handelsfl\u00f6den, etablera starka aff\u00e4rsrelationer och optimera sina leveranskedjor. Vi fungerar som din partner genom hela processen, fr\u00e5n strategi till genomf\u00f6rande. F\u00f6rdelar med tj\u00e4nsten S\u00e5 fungerar det Kundcase Ett svenskt f\u00f6retag inom detaljhandeln f\u00f6rb\u00e4ttrade sina handelsfl\u00f6den och s\u00e4nkte [&hellip;]<\/p>\n","protected":false},"author":206315248,"featured_media":226,"parent":0,"menu_order":0,"comment_status":"closed","ping_status":"closed","template":"","meta":{"_crdt_document":"","advanced_seo_description":"","jetpack_seo_html_title":"","jetpack_seo_noindex":false,"jetpack_post_was_ever_published":false,"footnotes":""},"class_list":["post-342","page","type-page","status-publish","has-post-thumbnail","hentry"],"jetpack_likes_enabled":true,"jetpack_sharing_enabled":true,"jetpack_shortlink":"https:\/\/wp.me\/PgaH2F-5w","jetpack-related-posts":[{"id":737,"url":"https:\/\/interbiz-ltd.com\/en\/forsaljningsagent\/","url_meta":{"origin":342,"position":0},"title":"SALES AGENT","author":"matteuspa","date":"10 December, 2024","format":false,"excerpt":"\u00d6ka din f\u00f6rs\u00e4ljning med hj\u00e4lp av en professionell f\u00f6rs\u00e4ljningsagent. V\u00e5r tj\u00e4nst som F\u00f6rs\u00e4ljningsagent hj\u00e4lper f\u00f6retag att n\u00e5 nya marknader, skapa starkare kundrelationer och \u00f6ka sina int\u00e4kter. Med v\u00e5r erfarenhet och expertis fungerar vi som en f\u00f6rl\u00e4ngning av din organisation och tar hand om hela f\u00f6rs\u00e4ljningsprocessen \u2013 fr\u00e5n kundkontakt till avslut.\u2026","rel":"","context":"Similar post","block_context":{"text":"Similar post","link":""},"img":{"alt_text":"","src":"https:\/\/i0.wp.com\/interbiz-ltd.com\/wp-content\/uploads\/2024\/11\/company-agent.png?fit=1024%2C768&ssl=1&resize=350%2C200","width":350,"height":200,"srcset":"https:\/\/i0.wp.com\/interbiz-ltd.com\/wp-content\/uploads\/2024\/11\/company-agent.png?fit=1024%2C768&ssl=1&resize=350%2C200 1x, https:\/\/i0.wp.com\/interbiz-ltd.com\/wp-content\/uploads\/2024\/11\/company-agent.png?fit=1024%2C768&ssl=1&resize=525%2C300 1.5x, https:\/\/i0.wp.com\/interbiz-ltd.com\/wp-content\/uploads\/2024\/11\/company-agent.png?fit=1024%2C768&ssl=1&resize=700%2C400 2x"},"classes":[]},{"id":739,"url":"https:\/\/interbiz-ltd.com\/en\/inspektions-qc-och-produkttest\/","url_meta":{"origin":342,"position":1},"title":"Inspection, QC, and Product Testing","author":"matteuspa","date":"10 December, 2024","format":false,"excerpt":"S\u00e4kerst\u00e4ll kvaliteten med noggranna inspektioner och tester. Med v\u00e5r tj\u00e4nst f\u00f6r Inspektion, QC (Quality Control) och Produkttest hj\u00e4lper vi f\u00f6retag att s\u00e4kerst\u00e4lla att deras produkter uppfyller h\u00f6gt st\u00e4llda krav p\u00e5 kvalitet och funktionalitet. Fr\u00e5n produktionskontroll till slutgiltiga tester erbjuder vi en helhetsl\u00f6sning som ger dig trygghet och s\u00e4kerst\u00e4ller n\u00f6jda kunder.\u2026","rel":"","context":"Similar post","block_context":{"text":"Similar post","link":""},"img":{"alt_text":"","src":"https:\/\/i0.wp.com\/interbiz-ltd.com\/wp-content\/uploads\/2024\/11\/inspection.png?fit=1024%2C768&ssl=1&resize=350%2C200","width":350,"height":200,"srcset":"https:\/\/i0.wp.com\/interbiz-ltd.com\/wp-content\/uploads\/2024\/11\/inspection.png?fit=1024%2C768&ssl=1&resize=350%2C200 1x, https:\/\/i0.wp.com\/interbiz-ltd.com\/wp-content\/uploads\/2024\/11\/inspection.png?fit=1024%2C768&ssl=1&resize=525%2C300 1.5x, https:\/\/i0.wp.com\/interbiz-ltd.com\/wp-content\/uploads\/2024\/11\/inspection.png?fit=1024%2C768&ssl=1&resize=700%2C400 2x"},"classes":[]},{"id":1,"url":"https:\/\/interbiz-ltd.com\/en\/om\/","url_meta":{"origin":342,"position":2},"title":"About Interbiz Ltd","author":"kennetstigsson","date":"13 November, 2024","format":false,"excerpt":"Interbiz Ltd har \u00f6ver ett decennium av erfarenhet d\u00e4r vi hj\u00e4lper f\u00f6retag att navigera produktionsprocessen i Kina, fr\u00e5n start till f\u00e4rdig leverans \u2013 alltid med fokus p\u00e5 kvalitet och tillf\u00f6rlitlighet Tillverkning och leverans Tillverkning i Kina erbjuder betydande besparingsm\u00f6jligheter. V\u00e5ra kunder f\u00e5r betydande kostnadsbesparingar i sina ink\u00f6p efter att ha\u2026","rel":"","context":"Similar post","block_context":{"text":"Similar post","link":""},"img":{"alt_text":"","src":"https:\/\/i0.wp.com\/interbiz-ltd.com\/wp-content\/uploads\/2024\/11\/manufacturing.png?resize=350%2C200&ssl=1","width":350,"height":200,"srcset":"https:\/\/i0.wp.com\/interbiz-ltd.com\/wp-content\/uploads\/2024\/11\/manufacturing.png?resize=350%2C200&ssl=1 1x, https:\/\/i0.wp.com\/interbiz-ltd.com\/wp-content\/uploads\/2024\/11\/manufacturing.png?resize=525%2C300&ssl=1 1.5x, https:\/\/i0.wp.com\/interbiz-ltd.com\/wp-content\/uploads\/2024\/11\/manufacturing.png?resize=700%2C400&ssl=1 2x"},"classes":[]}],"_links":{"self":[{"href":"https:\/\/interbiz-ltd.com\/en\/wp-json\/wp\/v2\/pages\/342","targetHints":{"allow":["GET"]}}],"collection":[{"href":"https:\/\/interbiz-ltd.com\/en\/wp-json\/wp\/v2\/pages"}],"about":[{"href":"https:\/\/interbiz-ltd.com\/en\/wp-json\/wp\/v2\/types\/page"}],"author":[{"embeddable":true,"href":"https:\/\/interbiz-ltd.com\/en\/wp-json\/wp\/v2\/users\/206315248"}],"replies":[{"embeddable":true,"href":"https:\/\/interbiz-ltd.com\/en\/wp-json\/wp\/v2\/comments?post=342"}],"version-history":[{"count":10,"href":"https:\/\/interbiz-ltd.com\/en\/wp-json\/wp\/v2\/pages\/342\/revisions"}],"predecessor-version":[{"id":1404,"href":"https:\/\/interbiz-ltd.com\/en\/wp-json\/wp\/v2\/pages\/342\/revisions\/1404"}],"wp:featuredmedia":[{"embeddable":true,"href":"https:\/\/interbiz-ltd.com\/en\/wp-json\/wp\/v2\/media\/226"}],"wp:attachment":[{"href":"https:\/\/interbiz-ltd.com\/en\/wp-json\/wp\/v2\/media?parent=342"}],"curies":[{"name":"wp","href":"https:\/\/api.w.org\/{rel}","templated":true}]}}