{"id":410,"date":"2024-11-29T12:11:05","date_gmt":"2024-11-29T11:11:05","guid":{"rendered":"https:\/\/interbiz-ltd.com\/?page_id=410"},"modified":"2024-12-16T11:25:22","modified_gmt":"2024-12-16T10:25:22","slug":"anvandarvillkor","status":"publish","type":"page","link":"https:\/\/interbiz-ltd.com\/en\/anvandarvillkor\/","title":{"rendered":"Terms and Conditions"},"content":{"rendered":"<p class=\"has--font-size wp-block-paragraph\">This website is operated by Interbiz. By using this website, you agree to comply with these terms. If you do not accept them, do not use the website. The terms may be updated, and we recommend that you review them regularly.<\/p>\n\n\n\n<h3 class=\"wp-block-heading has-text-align-left is-style-default\">Table of Contents<\/h3>\n\n\n\n<ul class=\"wp-block-list\">\n<li>Contact Information<\/li>\n\n\n\n<li>Use of the website<\/li>\n\n\n\n<li>Ownership Rights<\/li>\n\n\n\n<li>Use of material<\/li>\n<\/ul>\n\n\n\n<h3 class=\"wp-block-heading has-text-align-left is-style-default\">Contact Information<\/h3>\n\n\n\n<ul class=\"wp-block-list\">\n<li><strong>Adress:<\/strong> Suite 3018A, 31\/F, Tower 2, Lippo CTR, 89 Queensway, Admiralty, Hong Kong<\/li>\n\n\n\n<li><strong>Phone:<\/strong> +852 2544 2888<\/li>\n\n\n\n<li><strong>Telefax:<\/strong> +852 2802 9555<\/li>\n\n\n\n<li><strong>E-mail<\/strong> <a>info@Interbiz-tk.com<\/a><\/li>\n<\/ul>\n\n\n\n<h3 class=\"wp-block-heading has-text-align-left is-style-default\">Use of the website<\/h3>\n\n\n\n<p class=\"wp-block-paragraph\">Your use of this website constitutes your agreement to comply with our rules and be bound by them. If you do not agree to the terms, you should not use this website.<\/p>\n\n\n\n<p class=\"wp-block-paragraph\">Please note that these terms may be changed without prior notice. By continuing to use the website after changes, you automatically accept the updated terms.<\/p>\n\n\n\n<h3 class=\"wp-block-heading has-text-align-left is-style-default\">Ownership Rights<\/h3>\n\n\n\n<p class=\"wp-block-paragraph\">All content and material on this website (including page titles, images, graphics, audio and video clips) are protected by intellectual property rights, including copyrights and trademarks.<\/p>\n\n\n\n<p class=\"wp-block-paragraph\">The material may be owned or controlled by Interbiz, its subsidiaries, or third-party suppliers. You may not use this content in any way that infringes upon these rights.<\/p>\n\n\n\n<h3 class=\"wp-block-heading has-text-align-left is-style-default\">Use of material<\/h3>\n\n\n\n<p class=\"wp-block-paragraph\">You may:<\/p>\n\n\n\n<ul class=\"wp-block-list\">\n<li>Download, print, and store material for personal, non-commercial use.<\/li>\n\n\n\n<li>You may not modify the content, copy it to networks, or distribute it in the media.<\/li>\n<\/ul>\n\n\n\n<p class=\"wp-block-paragraph\">Any other use, including commercial distribution, is prohibited without written permission from Interbiz. We reserve all rights to the content.<\/p>\n\n\n\n<div style=\"height:34px\" aria-hidden=\"true\" class=\"wp-block-spacer\"><\/div>\n\n\n\n<div class=\"wp-block-kadence-advancedbtn kb-buttons-wrap kb-btns410_68511f-e7\"><a class=\"kb-button kt-button button kb-btn410_e8913e-6e kt-btn-size-standard kt-btn-width-type-auto kb-btn-global-outline  kt-btn-has-text-true kt-btn-has-svg-false  wp-block-kadence-singlebtn\" href=\"https:\/\/interbiz-ltd.com\/en\/om\/\"><span class=\"kt-btn-inner-text\">Back to the previous page<\/span><\/a><\/div>\n\n\n\n<div style=\"height:34px\" aria-hidden=\"true\" class=\"wp-block-spacer\"><\/div>","protected":false},"excerpt":{"rendered":"<p>Denna webbplats drivs av Interbiz. Genom att anv\u00e4nda denna webbplats samtycker du till att f\u00f6lja dessa villkor. Om du inte accepterar dem, anv\u00e4nd inte webbplatsen. Villkoren kan \u00e4ndras, och vi rekommenderar att du regelbundet granskar dem. Inneh\u00e5llsf\u00f6rteckning Kontaktinformation Anv\u00e4ndning av webbplatsen Din anv\u00e4ndning av denna webbplats utg\u00f6r ditt samtycke att f\u00f6lja v\u00e5ra regler och att [&hellip;]<\/p>\n","protected":false},"author":206315248,"featured_media":0,"parent":0,"menu_order":0,"comment_status":"closed","ping_status":"closed","template":"","meta":{"_crdt_document":"","advanced_seo_description":"","jetpack_seo_html_title":"","jetpack_seo_noindex":false,"footnotes":""},"class_list":["post-410","page","type-page","status-publish","hentry"],"jetpack_likes_enabled":true,"jetpack_sharing_enabled":true,"jetpack_shortlink":"https:\/\/wp.me\/PgaH2F-6C","jetpack-related-posts":[{"id":594,"url":"https:\/\/interbiz-ltd.com\/en\/flexibel-forsorjningskedja\/","url_meta":{"origin":410,"position":0},"title":"Ansvarfriskrivning","author":"matteuspa","date":"5 December, 2024","format":false,"excerpt":"Genom att anv\u00e4nda denna webbplats samtycker du till de villkor som anges nedan. L\u00e4s noggrant igenom denna ansvarsfriskrivning f\u00f6r att f\u00f6rst\u00e5 vilka regler och riktlinjer som g\u00e4ller f\u00f6r din anv\u00e4ndning av v\u00e5r webbplats. Inneh\u00e5llsf\u00f6rteckning Kontaktinformation Allm\u00e4nt ansvar Anv\u00e4ndning p\u00e5 egen risk Ers\u00e4ttning och skadesl\u00f6shet Kontaktinformation Adress: Suite 3018A, 31\/F, Tower\u2026","rel":"","context":"Similar post","block_context":{"text":"Similar post","link":""},"img":{"alt_text":"","src":"","width":0,"height":0},"classes":[]},{"id":1,"url":"https:\/\/interbiz-ltd.com\/en\/om\/","url_meta":{"origin":410,"position":1},"title":"About Interbiz Ltd","author":"kennetstigsson","date":"13 November, 2024","format":false,"excerpt":"Interbiz Ltd har \u00f6ver ett decennium av erfarenhet d\u00e4r vi hj\u00e4lper f\u00f6retag att navigera produktionsprocessen i Kina, fr\u00e5n start till f\u00e4rdig leverans \u2013 alltid med fokus p\u00e5 kvalitet och tillf\u00f6rlitlighet Tillverkning och leverans Tillverkning i Kina erbjuder betydande besparingsm\u00f6jligheter. V\u00e5ra kunder f\u00e5r betydande kostnadsbesparingar i sina ink\u00f6p efter att ha\u2026","rel":"","context":"Similar post","block_context":{"text":"Similar post","link":""},"img":{"alt_text":"","src":"https:\/\/i0.wp.com\/interbiz-ltd.com\/wp-content\/uploads\/2024\/11\/manufacturing.png?resize=350%2C200&ssl=1","width":350,"height":200,"srcset":"https:\/\/i0.wp.com\/interbiz-ltd.com\/wp-content\/uploads\/2024\/11\/manufacturing.png?resize=350%2C200&ssl=1 1x, https:\/\/i0.wp.com\/interbiz-ltd.com\/wp-content\/uploads\/2024\/11\/manufacturing.png?resize=525%2C300&ssl=1 1.5x, https:\/\/i0.wp.com\/interbiz-ltd.com\/wp-content\/uploads\/2024\/11\/manufacturing.png?resize=700%2C400&ssl=1 2x"},"classes":[]}],"_links":{"self":[{"href":"https:\/\/interbiz-ltd.com\/en\/wp-json\/wp\/v2\/pages\/410","targetHints":{"allow":["GET"]}}],"collection":[{"href":"https:\/\/interbiz-ltd.com\/en\/wp-json\/wp\/v2\/pages"}],"about":[{"href":"https:\/\/interbiz-ltd.com\/en\/wp-json\/wp\/v2\/types\/page"}],"author":[{"embeddable":true,"href":"https:\/\/interbiz-ltd.com\/en\/wp-json\/wp\/v2\/users\/206315248"}],"replies":[{"embeddable":true,"href":"https:\/\/interbiz-ltd.com\/en\/wp-json\/wp\/v2\/comments?post=410"}],"version-history":[{"count":5,"href":"https:\/\/interbiz-ltd.com\/en\/wp-json\/wp\/v2\/pages\/410\/revisions"}],"predecessor-version":[{"id":1066,"href":"https:\/\/interbiz-ltd.com\/en\/wp-json\/wp\/v2\/pages\/410\/revisions\/1066"}],"wp:attachment":[{"href":"https:\/\/interbiz-ltd.com\/en\/wp-json\/wp\/v2\/media?parent=410"}],"curies":[{"name":"wp","href":"https:\/\/api.w.org\/{rel}","templated":true}]}}