{"id":597,"date":"2024-12-05T12:24:35","date_gmt":"2024-12-05T11:24:35","guid":{"rendered":"https:\/\/interbiz-ltd.com\/?page_id=597"},"modified":"2024-12-16T11:26:46","modified_gmt":"2024-12-16T10:26:46","slug":"foretagets-sociala-ansvar","status":"publish","type":"page","link":"https:\/\/interbiz-ltd.com\/en\/foretagets-sociala-ansvar\/","title":{"rendered":"Corporate social responsibility"},"content":{"rendered":"<p class=\"has--font-size wp-block-paragraph\">This page outlines Interbiz's sustainability strategy and our commitment to social responsibility.<\/p>\n\n\n\n<h3 class=\"wp-block-heading has-text-align-left is-style-default\">Table of Contents<\/h3>\n\n\n\n<ul class=\"wp-block-list\">\n<li>Contact Information<\/li>\n\n\n\n<li>Corporate social responsibility<\/li>\n<\/ul>\n\n\n\n<h3 class=\"wp-block-heading has-text-align-left is-style-default\">Contact Information<\/h3>\n\n\n\n<ul class=\"wp-block-list\">\n<li><strong>Adress:<\/strong> Suite 3018A, 31\/F, Tower 2, Lippo CTR, 89 Queensway, Admiralty, Hong Kong<\/li>\n\n\n\n<li><strong>Phone:<\/strong> +852 2544 2888<\/li>\n\n\n\n<li><strong>Telefax:<\/strong> +852 2802 9555<\/li>\n\n\n\n<li><strong>E-mail<\/strong> <a>info@Interbiz-tk.com<\/a><\/li>\n<\/ul>\n\n\n\n<h3 class=\"wp-block-heading has-text-align-left is-style-default\">f\u00f6retagets sociala ansvar<\/h3>\n\n\n\n<p class=\"wp-block-paragraph\">Interbiz's sustainability strategy is based on economic, environmental, and social performance. We strive to improve our processes across a broad spectrum. Our overall focus is on profitability, environmentally friendly products, and responsible business practices. Interbiz's practices for sustainability and social responsibility are primarily governed by the Code of Conduct, the environmental policy, and a number of additional internal policies.<\/p>\n\n\n\n<div style=\"height:34px\" aria-hidden=\"true\" class=\"wp-block-spacer\"><\/div>\n\n\n\n<div class=\"wp-block-kadence-advancedbtn kb-buttons-wrap kb-btns597_c52a46-3c\"><a class=\"kb-button kt-button button kb-btn597_13d41b-0a kt-btn-size-standard kt-btn-width-type-auto kb-btn-global-outline  kt-btn-has-text-true kt-btn-has-svg-false  wp-block-kadence-singlebtn\" href=\"https:\/\/interbiz-ltd.com\/en\/om\/\"><span class=\"kt-btn-inner-text\">Back to the previous page<\/span><\/a><\/div>\n\n\n\n<div style=\"height:34px\" aria-hidden=\"true\" class=\"wp-block-spacer\"><\/div>","protected":false},"excerpt":{"rendered":"<p>Denna sida beskriver Interbiz h\u00e5llbarhetsstrategi och v\u00e5rt engagemang f\u00f6r socialt ansvarstagande. Inneh\u00e5llsf\u00f6rteckning Kontaktinformation f\u00f6retagets sociala ansvar Interbiz h\u00e5llbarhetsstrategi bygger p\u00e5 ekonomisk, milj\u00f6m\u00e4ssig och social prestanda. Vi str\u00e4var efter att f\u00f6rb\u00e4ttra v\u00e5ra processer \u00f6ver en bred front. V\u00e5rt \u00f6vergripande fokus ligger p\u00e5 l\u00f6nsamhet, milj\u00f6v\u00e4nliga produkter och ansvarsfullt f\u00f6retagande. Interbiz praxis f\u00f6r h\u00e5llbarhet och socialt ansvar styrs [&hellip;]<\/p>\n","protected":false},"author":206315248,"featured_media":0,"parent":0,"menu_order":0,"comment_status":"closed","ping_status":"closed","template":"","meta":{"_crdt_document":"","advanced_seo_description":"","jetpack_seo_html_title":"","jetpack_seo_noindex":false,"footnotes":""},"class_list":["post-597","page","type-page","status-publish","hentry"],"jetpack_likes_enabled":true,"jetpack_sharing_enabled":true,"jetpack_shortlink":"https:\/\/wp.me\/PgaH2F-9D","jetpack-related-posts":[{"id":599,"url":"https:\/\/interbiz-ltd.com\/en\/leverantorskap\/","url_meta":{"origin":597,"position":0},"title":"Supplier Requirements","author":"matteuspa","date":"5 December, 2024","format":false,"excerpt":"Denna sida beskriver de krav och f\u00f6rv\u00e4ntningar som vi st\u00e4ller p\u00e5 v\u00e5ra leverant\u00f6rer f\u00f6r att s\u00e4kerst\u00e4lla att alla produkter och tj\u00e4nster vi erbjuder h\u00e5ller h\u00f6gsta kvalitet och f\u00f6ljer v\u00e5ra etiska och h\u00e5llbarhetsstandarder. Inneh\u00e5llsf\u00f6rteckning Kontaktinformation Leverant\u00f6rskrav Kontaktinformation Adress: Suite 3018A, 31\/F, Tower 2, Lippo CTR, 89 Queensway, Admiralty, Hong Kong Telefon:\u2026","rel":"","context":"Similar post","block_context":{"text":"Similar post","link":""},"img":{"alt_text":"","src":"","width":0,"height":0},"classes":[]},{"id":594,"url":"https:\/\/interbiz-ltd.com\/en\/flexibel-forsorjningskedja\/","url_meta":{"origin":597,"position":1},"title":"Ansvarfriskrivning","author":"matteuspa","date":"5 December, 2024","format":false,"excerpt":"Genom att anv\u00e4nda denna webbplats samtycker du till de villkor som anges nedan. L\u00e4s noggrant igenom denna ansvarsfriskrivning f\u00f6r att f\u00f6rst\u00e5 vilka regler och riktlinjer som g\u00e4ller f\u00f6r din anv\u00e4ndning av v\u00e5r webbplats. Inneh\u00e5llsf\u00f6rteckning Kontaktinformation Allm\u00e4nt ansvar Anv\u00e4ndning p\u00e5 egen risk Ers\u00e4ttning och skadesl\u00f6shet Kontaktinformation Adress: Suite 3018A, 31\/F, Tower\u2026","rel":"","context":"Similar post","block_context":{"text":"Similar post","link":""},"img":{"alt_text":"","src":"","width":0,"height":0},"classes":[]},{"id":6,"url":"https:\/\/interbiz-ltd.com\/en\/koncept\/","url_meta":{"origin":597,"position":2},"title":"Our Concept","author":"matteuspa","date":"15 November, 2024","format":false,"excerpt":"\"Vi tror att transparens i leveranskedjan \u00e4r en viktig del av framg\u00e5ngsrikt aff\u00e4rssamarbete med v\u00e5ra kunder.\" P\u00e5 Interbiz handlar v\u00e5rt koncept om att skapa smidiga och p\u00e5litliga aff\u00e4rsrelationer mellan v\u00e4rldens marknader. Genom expertis inom ink\u00f6p, kvalitetskontroll och internationell logistik erbjuder vi helhetsl\u00f6sningar som f\u00f6renklar global handel. Vi kombinerar lokal n\u00e4rvaro\u2026","rel":"","context":"Similar post","block_context":{"text":"Similar post","link":""},"img":{"alt_text":"","src":"https:\/\/i0.wp.com\/interbiz-ltd.com\/wp-content\/uploads\/2025\/01\/supply-chain-2.png?resize=350%2C200&ssl=1","width":350,"height":200,"srcset":"https:\/\/i0.wp.com\/interbiz-ltd.com\/wp-content\/uploads\/2025\/01\/supply-chain-2.png?resize=350%2C200&ssl=1 1x, https:\/\/i0.wp.com\/interbiz-ltd.com\/wp-content\/uploads\/2025\/01\/supply-chain-2.png?resize=525%2C300&ssl=1 1.5x, https:\/\/i0.wp.com\/interbiz-ltd.com\/wp-content\/uploads\/2025\/01\/supply-chain-2.png?resize=700%2C400&ssl=1 2x"},"classes":[]},{"id":410,"url":"https:\/\/interbiz-ltd.com\/en\/anvandarvillkor\/","url_meta":{"origin":597,"position":3},"title":"Terms and Conditions","author":"matteuspa","date":"29 November, 2024","format":false,"excerpt":"Denna webbplats drivs av Interbiz. Genom att anv\u00e4nda denna webbplats samtycker du till att f\u00f6lja dessa villkor. Om du inte accepterar dem, anv\u00e4nd inte webbplatsen. Villkoren kan \u00e4ndras, och vi rekommenderar att du regelbundet granskar dem. Inneh\u00e5llsf\u00f6rteckning Kontaktinformation Anv\u00e4ndning av webbplatsen \u00c4gander\u00e4tt Anv\u00e4ndning av material Kontaktinformation Adress: Suite 3018A, 31\/F,\u2026","rel":"","context":"Similar post","block_context":{"text":"Similar post","link":""},"img":{"alt_text":"","src":"","width":0,"height":0},"classes":[]},{"id":14,"url":"https:\/\/interbiz-ltd.com\/en\/kontakt\/","url_meta":{"origin":597,"position":4},"title":"Contact","author":"matteuspa","date":"15 November, 2024","format":false,"excerpt":"HAR DU FR\u00c5GOR? V\u00c4NLIGEN KONTAKTA OSS NEDAN! Kontaktinformation Hong Kong (Head office) Interbiz Design & Development Ltd +852\u00a02544 2888 SUITE 3108A 31\/F, TOWER 2, LIPPO CTR, 89 ADMIRALTY, Hong KongKina (China) China (Registered office) Interbiz Representative Office in Shenzhen. +86 755 2668 8400 Taizi Road 18Guangdong, Shenzhen Kina (China) China\u2026","rel":"","context":"Similar post","block_context":{"text":"Similar post","link":""},"img":{"alt_text":"","src":"https:\/\/i0.wp.com\/interbiz-ltd.com\/wp-content\/uploads\/2024\/11\/customer-service.png?fit=1024%2C768&ssl=1&resize=350%2C200","width":350,"height":200,"srcset":"https:\/\/i0.wp.com\/interbiz-ltd.com\/wp-content\/uploads\/2024\/11\/customer-service.png?fit=1024%2C768&ssl=1&resize=350%2C200 1x, https:\/\/i0.wp.com\/interbiz-ltd.com\/wp-content\/uploads\/2024\/11\/customer-service.png?fit=1024%2C768&ssl=1&resize=525%2C300 1.5x, https:\/\/i0.wp.com\/interbiz-ltd.com\/wp-content\/uploads\/2024\/11\/customer-service.png?fit=1024%2C768&ssl=1&resize=700%2C400 2x"},"classes":[]},{"id":1,"url":"https:\/\/interbiz-ltd.com\/en\/om\/","url_meta":{"origin":597,"position":5},"title":"About Interbiz Ltd","author":"kennetstigsson","date":"13 November, 2024","format":false,"excerpt":"Interbiz Ltd har \u00f6ver ett decennium av erfarenhet d\u00e4r vi hj\u00e4lper f\u00f6retag att navigera produktionsprocessen i Kina, fr\u00e5n start till f\u00e4rdig leverans \u2013 alltid med fokus p\u00e5 kvalitet och tillf\u00f6rlitlighet Tillverkning och leverans Tillverkning i Kina erbjuder betydande besparingsm\u00f6jligheter. V\u00e5ra kunder f\u00e5r betydande kostnadsbesparingar i sina ink\u00f6p efter att ha\u2026","rel":"","context":"Similar post","block_context":{"text":"Similar post","link":""},"img":{"alt_text":"","src":"https:\/\/i0.wp.com\/interbiz-ltd.com\/wp-content\/uploads\/2024\/11\/manufacturing.png?resize=350%2C200&ssl=1","width":350,"height":200,"srcset":"https:\/\/i0.wp.com\/interbiz-ltd.com\/wp-content\/uploads\/2024\/11\/manufacturing.png?resize=350%2C200&ssl=1 1x, https:\/\/i0.wp.com\/interbiz-ltd.com\/wp-content\/uploads\/2024\/11\/manufacturing.png?resize=525%2C300&ssl=1 1.5x, https:\/\/i0.wp.com\/interbiz-ltd.com\/wp-content\/uploads\/2024\/11\/manufacturing.png?resize=700%2C400&ssl=1 2x"},"classes":[]}],"_links":{"self":[{"href":"https:\/\/interbiz-ltd.com\/en\/wp-json\/wp\/v2\/pages\/597","targetHints":{"allow":["GET"]}}],"collection":[{"href":"https:\/\/interbiz-ltd.com\/en\/wp-json\/wp\/v2\/pages"}],"about":[{"href":"https:\/\/interbiz-ltd.com\/en\/wp-json\/wp\/v2\/types\/page"}],"author":[{"embeddable":true,"href":"https:\/\/interbiz-ltd.com\/en\/wp-json\/wp\/v2\/users\/206315248"}],"replies":[{"embeddable":true,"href":"https:\/\/interbiz-ltd.com\/en\/wp-json\/wp\/v2\/comments?post=597"}],"version-history":[{"count":2,"href":"https:\/\/interbiz-ltd.com\/en\/wp-json\/wp\/v2\/pages\/597\/revisions"}],"predecessor-version":[{"id":1070,"href":"https:\/\/interbiz-ltd.com\/en\/wp-json\/wp\/v2\/pages\/597\/revisions\/1070"}],"wp:attachment":[{"href":"https:\/\/interbiz-ltd.com\/en\/wp-json\/wp\/v2\/media?parent=597"}],"curies":[{"name":"wp","href":"https:\/\/api.w.org\/{rel}","templated":true}]}}